{"id":10,"date":"2017-06-16T16:06:36","date_gmt":"2017-06-16T14:06:36","guid":{"rendered":"https:\/\/pol-in.eu\/?page_id=10"},"modified":"2025-09-23T11:56:56","modified_gmt":"2025-09-23T09:56:56","slug":"home","status":"publish","type":"page","link":"https:\/\/pol-in.eu\/pl\/","title":{"rendered":"Home"},"content":{"rendered":"\n<figure class=\"wp-block-image size-full\"><img loading=\"lazy\" decoding=\"async\" width=\"937\" height=\"244\" src=\"https:\/\/pol-in.eu\/wp-content\/uploads\/2018\/06\/cropped-dsc_8770_langsmal.jpg\" alt=\"\" class=\"wp-image-1225\" srcset=\"https:\/\/pol-in.eu\/wp-content\/uploads\/2018\/06\/cropped-dsc_8770_langsmal.jpg 937w, https:\/\/pol-in.eu\/wp-content\/uploads\/2018\/06\/cropped-dsc_8770_langsmal-300x78.jpg 300w, https:\/\/pol-in.eu\/wp-content\/uploads\/2018\/06\/cropped-dsc_8770_langsmal-768x200.jpg 768w, https:\/\/pol-in.eu\/wp-content\/uploads\/2018\/06\/cropped-dsc_8770_langsmal-624x162.jpg 624w\" sizes=\"auto, (max-width: 937px) 100vw, 937px\" \/><\/figure>\n\n\n\n<h1 class=\"wp-block-heading has-large-font-size\" style=\"border-top-style:none;border-top-width:0px;border-right-style:none;border-right-width:0px;border-bottom-color:var(--wp--preset--color--palette-color-1);border-bottom-style:solid;border-bottom-width:5px;border-left-style:none;border-left-width:0px;margin-bottom:var(--wp--preset--spacing--40);padding-bottom:var(--wp--preset--spacing--20)\">Serdecznie witamy!<\/h1>\n\n\n\n<figure class=\"wp-block-image size-full is-resized\"><img loading=\"lazy\" decoding=\"async\" width=\"1720\" height=\"1748\" src=\"https:\/\/pol-in.eu\/wp-content\/uploads\/2025\/07\/JsG_Umschlag2025-1.jpg\" alt=\"\" class=\"wp-image-5238\" style=\"width:auto;height:500px\" srcset=\"https:\/\/pol-in.eu\/wp-content\/uploads\/2025\/07\/JsG_Umschlag2025-1.jpg 1720w, https:\/\/pol-in.eu\/wp-content\/uploads\/2025\/07\/JsG_Umschlag2025-1-295x300.jpg 295w, https:\/\/pol-in.eu\/wp-content\/uploads\/2025\/07\/JsG_Umschlag2025-1-1158x1177.jpg 1158w, https:\/\/pol-in.eu\/wp-content\/uploads\/2025\/07\/JsG_Umschlag2025-1-768x781.jpg 768w, https:\/\/pol-in.eu\/wp-content\/uploads\/2025\/07\/JsG_Umschlag2025-1-1511x1536.jpg 1511w\" sizes=\"auto, (max-width: 1720px) 100vw, 1720px\" \/><\/figure>\n\n\n\n<p><\/p>\n\n\n\n<p><strong>13.12.2025, sobota, godz. 17:00<\/strong><br><strong>\u201eM\u0142odzie\u017c pisze wiersze\u201d<\/strong> \u2013 Prezentacja laureat\u00f3w<br>Dom Poezji (Haus f\u00fcr Poesie) \/ Instytut Polski<br>Knaackstra\u00dfe 97 (Kulturbrauerei), 10435 Berlin<br>Wst\u0119p wolny. Zg\u0142oszenia: <a href=\"mailto:info@polintest.hellothere.pl\">info[at]pol-in.eu<\/a><br>Wi\u0119cej informacji: <a href=\"https:\/\/pol-in.eu\/pl\/projekty\/projekty-2025\/\" target=\"_blank\" rel=\"noreferrer noopener\">Projekty<\/a><\/p>\n","protected":false},"excerpt":{"rendered":"<p>Serdecznie witamy! 13.12.2025, sobota, godz. 17:00\u201eM\u0142odzie\u017c pisze wiersze\u201d \u2013 Prezentacja laureat\u00f3wDom Poezji (Haus f\u00fcr Poesie) \/ Instytut PolskiKnaackstra\u00dfe 97 (Kulturbrauerei), 10435 BerlinWst\u0119p wolny. Zg\u0142oszenia: info[at]pol-in.euWi\u0119cej informacji: Projekty<\/p>\n","protected":false},"author":1,"featured_media":0,"parent":0,"menu_order":5,"comment_status":"closed","ping_status":"closed","template":"","meta":{"footnotes":""},"class_list":["post-10","page","type-page","status-publish","hentry"],"blocksy_meta":{"has_hero_section":"disabled","styles_descriptor":{"styles":{"desktop":"","tablet":"","mobile":""},"google_fonts":[],"version":6}},"yoast_head":"<!-- This site is optimized with the Yoast SEO plugin v26.7 - https:\/\/yoast.com\/wordpress\/plugins\/seo\/ -->\n<title>Pol-in.eu - Polki w Gospodarce i Kulturze<\/title>\n<meta name=\"robots\" content=\"index, follow, max-snippet:-1, max-image-preview:large, max-video-preview:-1\" \/>\n<link rel=\"canonical\" href=\"https:\/\/pol-in.eu\/pl\/\" \/>\n<meta property=\"og:locale\" content=\"pl_PL\" \/>\n<meta property=\"og:type\" content=\"article\" \/>\n<meta property=\"og:title\" content=\"Pol-in.eu - Polki w Gospodarce i Kulturze\" \/>\n<meta property=\"og:description\" content=\"Serdecznie witamy! 13.12.2025, sobota, godz. 17:00\u201eM\u0142odzie\u017c pisze wiersze\u201d \u2013 Prezentacja laureat\u00f3wDom Poezji (Haus f\u00fcr Poesie) \/ Instytut PolskiKnaackstra\u00dfe 97 (Kulturbrauerei), 10435 BerlinWst\u0119p wolny. Zg\u0142oszenia: info[at]pol-in.euWi\u0119cej informacji: Projekty\" \/>\n<meta property=\"og:url\" content=\"https:\/\/pol-in.eu\/pl\/\" \/>\n<meta property=\"og:site_name\" content=\"Pol-in.eu\" \/>\n<meta property=\"article:modified_time\" content=\"2025-09-23T09:56:56+00:00\" \/>\n<meta property=\"og:image\" content=\"https:\/\/pol-in.eu\/wp-content\/uploads\/2018\/06\/cropped-dsc_8770_langsmal.jpg\" \/>\n\t<meta property=\"og:image:width\" content=\"937\" \/>\n\t<meta property=\"og:image:height\" content=\"244\" \/>\n\t<meta property=\"og:image:type\" content=\"image\/jpeg\" \/>\n<meta name=\"twitter:card\" content=\"summary_large_image\" \/>\n<script type=\"application\/ld+json\" class=\"yoast-schema-graph\">{\"@context\":\"https:\/\/schema.org\",\"@graph\":[{\"@type\":\"WebPage\",\"@id\":\"https:\/\/pol-in.eu\/pl\/\",\"url\":\"https:\/\/pol-in.eu\/pl\/\",\"name\":\"Pol-in.eu - Polki w Gospodarce i Kulturze\",\"isPartOf\":{\"@id\":\"https:\/\/pol-in.eu\/#website\"},\"primaryImageOfPage\":{\"@id\":\"https:\/\/pol-in.eu\/pl\/#primaryimage\"},\"image\":{\"@id\":\"https:\/\/pol-in.eu\/pl\/#primaryimage\"},\"thumbnailUrl\":\"https:\/\/pol-in.eu\/wp-content\/uploads\/2018\/06\/cropped-dsc_8770_langsmal.jpg\",\"datePublished\":\"2017-06-16T14:06:36+00:00\",\"dateModified\":\"2025-09-23T09:56:56+00:00\",\"breadcrumb\":{\"@id\":\"https:\/\/pol-in.eu\/pl\/#breadcrumb\"},\"inLanguage\":\"pl-PL\",\"potentialAction\":[{\"@type\":\"ReadAction\",\"target\":[\"https:\/\/pol-in.eu\/pl\/\"]}]},{\"@type\":\"ImageObject\",\"inLanguage\":\"pl-PL\",\"@id\":\"https:\/\/pol-in.eu\/pl\/#primaryimage\",\"url\":\"https:\/\/pol-in.eu\/wp-content\/uploads\/2018\/06\/cropped-dsc_8770_langsmal.jpg\",\"contentUrl\":\"https:\/\/pol-in.eu\/wp-content\/uploads\/2018\/06\/cropped-dsc_8770_langsmal.jpg\"},{\"@type\":\"BreadcrumbList\",\"@id\":\"https:\/\/pol-in.eu\/pl\/#breadcrumb\",\"itemListElement\":[{\"@type\":\"ListItem\",\"position\":1,\"name\":\"Strona g\u0142\u00f3wna\",\"item\":\"https:\/\/pol-in.eu\/pl\/\"},{\"@type\":\"ListItem\",\"position\":2,\"name\":\"Home\"}]},{\"@type\":\"WebSite\",\"@id\":\"https:\/\/pol-in.eu\/#website\",\"url\":\"https:\/\/pol-in.eu\/\",\"name\":\"Pol-in.eu\",\"description\":\"Polki w Gospodarce i Kulturze\",\"publisher\":{\"@id\":\"https:\/\/pol-in.eu\/#organization\"},\"potentialAction\":[{\"@type\":\"SearchAction\",\"target\":{\"@type\":\"EntryPoint\",\"urlTemplate\":\"https:\/\/pol-in.eu\/?s={search_term_string}\"},\"query-input\":{\"@type\":\"PropertyValueSpecification\",\"valueRequired\":true,\"valueName\":\"search_term_string\"}}],\"inLanguage\":\"pl-PL\"},{\"@type\":\"Organization\",\"@id\":\"https:\/\/pol-in.eu\/#organization\",\"name\":\"Pol-in.eu\",\"url\":\"https:\/\/pol-in.eu\/\",\"logo\":{\"@type\":\"ImageObject\",\"inLanguage\":\"pl-PL\",\"@id\":\"https:\/\/pol-in.eu\/#\/schema\/logo\/image\/\",\"url\":\"https:\/\/pol-in.eu\/wp-content\/uploads\/2017\/06\/logopolin.jpg\",\"contentUrl\":\"https:\/\/pol-in.eu\/wp-content\/uploads\/2017\/06\/logopolin.jpg\",\"width\":454,\"height\":119,\"caption\":\"Pol-in.eu \"},\"image\":{\"@id\":\"https:\/\/pol-in.eu\/#\/schema\/logo\/image\/\"}}]}<\/script>\n<!-- \/ Yoast SEO plugin. -->","yoast_head_json":{"title":"Pol-in.eu - Polki w Gospodarce i Kulturze","robots":{"index":"index","follow":"follow","max-snippet":"max-snippet:-1","max-image-preview":"max-image-preview:large","max-video-preview":"max-video-preview:-1"},"canonical":"https:\/\/pol-in.eu\/pl\/","og_locale":"pl_PL","og_type":"article","og_title":"Pol-in.eu - Polki w Gospodarce i Kulturze","og_description":"Serdecznie witamy! 13.12.2025, sobota, godz. 17:00\u201eM\u0142odzie\u017c pisze wiersze\u201d \u2013 Prezentacja laureat\u00f3wDom Poezji (Haus f\u00fcr Poesie) \/ Instytut PolskiKnaackstra\u00dfe 97 (Kulturbrauerei), 10435 BerlinWst\u0119p wolny. Zg\u0142oszenia: info[at]pol-in.euWi\u0119cej informacji: Projekty","og_url":"https:\/\/pol-in.eu\/pl\/","og_site_name":"Pol-in.eu","article_modified_time":"2025-09-23T09:56:56+00:00","og_image":[{"width":937,"height":244,"url":"https:\/\/pol-in.eu\/wp-content\/uploads\/2018\/06\/cropped-dsc_8770_langsmal.jpg","type":"image\/jpeg"}],"twitter_card":"summary_large_image","schema":{"@context":"https:\/\/schema.org","@graph":[{"@type":"WebPage","@id":"https:\/\/pol-in.eu\/pl\/","url":"https:\/\/pol-in.eu\/pl\/","name":"Pol-in.eu - Polki w Gospodarce i Kulturze","isPartOf":{"@id":"https:\/\/pol-in.eu\/#website"},"primaryImageOfPage":{"@id":"https:\/\/pol-in.eu\/pl\/#primaryimage"},"image":{"@id":"https:\/\/pol-in.eu\/pl\/#primaryimage"},"thumbnailUrl":"https:\/\/pol-in.eu\/wp-content\/uploads\/2018\/06\/cropped-dsc_8770_langsmal.jpg","datePublished":"2017-06-16T14:06:36+00:00","dateModified":"2025-09-23T09:56:56+00:00","breadcrumb":{"@id":"https:\/\/pol-in.eu\/pl\/#breadcrumb"},"inLanguage":"pl-PL","potentialAction":[{"@type":"ReadAction","target":["https:\/\/pol-in.eu\/pl\/"]}]},{"@type":"ImageObject","inLanguage":"pl-PL","@id":"https:\/\/pol-in.eu\/pl\/#primaryimage","url":"https:\/\/pol-in.eu\/wp-content\/uploads\/2018\/06\/cropped-dsc_8770_langsmal.jpg","contentUrl":"https:\/\/pol-in.eu\/wp-content\/uploads\/2018\/06\/cropped-dsc_8770_langsmal.jpg"},{"@type":"BreadcrumbList","@id":"https:\/\/pol-in.eu\/pl\/#breadcrumb","itemListElement":[{"@type":"ListItem","position":1,"name":"Strona g\u0142\u00f3wna","item":"https:\/\/pol-in.eu\/pl\/"},{"@type":"ListItem","position":2,"name":"Home"}]},{"@type":"WebSite","@id":"https:\/\/pol-in.eu\/#website","url":"https:\/\/pol-in.eu\/","name":"Pol-in.eu","description":"Polki w Gospodarce i Kulturze","publisher":{"@id":"https:\/\/pol-in.eu\/#organization"},"potentialAction":[{"@type":"SearchAction","target":{"@type":"EntryPoint","urlTemplate":"https:\/\/pol-in.eu\/?s={search_term_string}"},"query-input":{"@type":"PropertyValueSpecification","valueRequired":true,"valueName":"search_term_string"}}],"inLanguage":"pl-PL"},{"@type":"Organization","@id":"https:\/\/pol-in.eu\/#organization","name":"Pol-in.eu","url":"https:\/\/pol-in.eu\/","logo":{"@type":"ImageObject","inLanguage":"pl-PL","@id":"https:\/\/pol-in.eu\/#\/schema\/logo\/image\/","url":"https:\/\/pol-in.eu\/wp-content\/uploads\/2017\/06\/logopolin.jpg","contentUrl":"https:\/\/pol-in.eu\/wp-content\/uploads\/2017\/06\/logopolin.jpg","width":454,"height":119,"caption":"Pol-in.eu "},"image":{"@id":"https:\/\/pol-in.eu\/#\/schema\/logo\/image\/"}}]}},"_links":{"self":[{"href":"https:\/\/pol-in.eu\/pl\/wp-json\/wp\/v2\/pages\/10","targetHints":{"allow":["GET"]}}],"collection":[{"href":"https:\/\/pol-in.eu\/pl\/wp-json\/wp\/v2\/pages"}],"about":[{"href":"https:\/\/pol-in.eu\/pl\/wp-json\/wp\/v2\/types\/page"}],"author":[{"embeddable":true,"href":"https:\/\/pol-in.eu\/pl\/wp-json\/wp\/v2\/users\/1"}],"replies":[{"embeddable":true,"href":"https:\/\/pol-in.eu\/pl\/wp-json\/wp\/v2\/comments?post=10"}],"version-history":[{"count":11,"href":"https:\/\/pol-in.eu\/pl\/wp-json\/wp\/v2\/pages\/10\/revisions"}],"predecessor-version":[{"id":5295,"href":"https:\/\/pol-in.eu\/pl\/wp-json\/wp\/v2\/pages\/10\/revisions\/5295"}],"wp:attachment":[{"href":"https:\/\/pol-in.eu\/pl\/wp-json\/wp\/v2\/media?parent=10"}],"curies":[{"name":"wp","href":"https:\/\/api.w.org\/{rel}","templated":true}]}}