{"id":1215,"date":"2018-05-25T04:52:45","date_gmt":"2018-05-25T02:52:45","guid":{"rendered":"https:\/\/pol-in.eu\/?page_id=1215\/"},"modified":"2025-07-08T20:15:48","modified_gmt":"2025-07-08T18:15:48","slug":"polityka-prywatnosci","status":"publish","type":"page","link":"https:\/\/pol-in.eu\/pl\/polityka-prywatnosci\/","title":{"rendered":"Polityka prywatno\u015bci"},"content":{"rendered":"\n<h2 class=\"wp-block-heading\">Wskaz\u00f3wki dotycz\u0105ce stosowania plik\u00f3w cookie oraz analizy danych dotycz\u0105cych korzystania, a tak\u017ce stosowania narz\u0119dzi analitycznych<\/h2>\n\n\n\n<p>Stosujemy pliki cookie i inne podobne technologie, na przyk\u0142ad HTML5 Storage lub Local Shared Objects (nazywane dalej og\u00f3lnym mianem \u201ecookies\u201d), kt\u00f3re pozwalaj\u0105 na \u015bledzenie preferencji u\u017cytkownik\u00f3w oraz szczeg\u00f3lnie popularnych obszar\u00f3w naszych stron internetowych i umo\u017cliwiaj\u0105 na podstawie uzyskanych informacji optymalne projektowanie stron internetowych i uczynienie ich bardziej przyjaznymi w u\u017cytkowaniu. W tych samych celach wykorzystujemy narz\u0119dzia analityczne Adobe Analytics oraz Google Analytics; r\u00f3wnie\u017c w tym zakresie mog\u0105 znale\u017a\u0107 zastosowanie cookies.<\/p>\n\n\n\n<h3 class=\"wp-block-heading\">1. Funkcje oraz stosowanie cookies<\/h3>\n\n\n\n<p>a. Cookies to ma\u0142e pliki, transferowane z odwiedzanej strony internetowej na pulpit, notebook lub urz\u0105dzenie mobilne. Na tej podstawie mo\u017cemy np. okre\u015bli\u0107, czy mi\u0119dzy Pa\u0144stwa urz\u0105dzeniem a naszymi stronami internetowymi zosta\u0142o wcze\u015bniej nawi\u0105zane po\u0142\u0105czenie, b\u0105d\u017a te\u017c jaki j\u0119zyk lub jakie ustawienia Pa\u0144stwo preferuj\u0105. Cookies mog\u0105 zawiera\u0107 r\u00f3wnie\u017c dane osobowe.<\/p>\n\n\n\n<p>b. Gdy odwiedzaj\u0105 Pa\u0144stwo nasze strony, wyra\u017caj\u0105 w ten spos\u00f3b zgod\u0119 na stosowanie cookies.<\/p>\n\n\n\n<p>Mog\u0105 Pa\u0144stwo r\u00f3wnie\u017c odwiedza\u0107 nasze strony, nie wyra\u017caj\u0105c zgody na stosowanie cookies. Tzn. mog\u0105 Pa\u0144stwo anulowa\u0107 stosowanie i r\u00f3wnie\u017c w ka\u017cdym momencie usun\u0105\u0107 cookies, dokonuj\u0105c odpowiednich ustawie\u0144 na swoim urz\u0105dzeniu. Odbywa si\u0119 to w nast\u0119puj\u0105cy spos\u00f3b:<\/p>\n\n\n\n<ol class=\"wp-block-list\">\n<li>Wi\u0119kszo\u015b\u0107 przegl\u0105darek zgodnie z ustawieniem domy\u015blnym automatycznie akceptuje cookies. To ustawienie domy\u015blne mo\u017cna zmieni\u0107, aktywuj\u0105c w swojej przegl\u0105darce ustawienie <strong>Blokuj cookies<\/strong>.<\/li>\n\n\n\n<li>Zapisane cookies mo\u017cna usun\u0105\u0107 w ka\u017cdym momencie. Szczeg\u00f3\u0142owe informacje w tym zakresie s\u0105 dost\u0119pne w instrukcji producenta Pa\u0144stwa przegl\u0105darki, wzgl\u0119dnie urz\u0105dzenia.<\/li>\n\n\n\n<li>Informacje dotycz\u0105ce dezaktywacji Local Shared Objects s\u0105 dost\u0119pne pod poni\u017cszym linkiem:\n<ul class=\"wp-block-list\">\n<li><a href=\"http:\/\/www.macromedia.com\/support\/documentation\/en\/flashplayer\/help\/settings_manager02.html\" target=\"_blank\" rel=\"noopener\">Informacje o od\u0142\u0105czaniu Local Shared Objects<\/a><\/li>\n<\/ul>\n<\/li>\n\n\n\n<li>Podobnie jak stosowanie cookies, r\u00f3wnie\u017c ich odrzucenie lub usuni\u0119cie jest powi\u0105zane ze stosowanym urz\u0105dzeniem, a tak\u017ce z ka\u017cdorazowo stosowan\u0105 przegl\u0105dark\u0105. Zatem cookies nale\u017cy odrzuca\u0107, wzgl\u0119dnie usuwa\u0107 oddzielnie w odniesieniu do ka\u017cdego ze swoich urz\u0105dze\u0144, za\u015b w przypadku korzystania z wi\u0119kszej liczby przegl\u0105darek r\u00f3wnie\u017c w odniesieniu do ka\u017cdej przegl\u0105darki oddzielnie.<\/li>\n<\/ol>\n\n\n\n<p>c. Je\u015bli zdecyduj\u0105 si\u0119 Pa\u0144stwo na blokowanie cookies, mo\u017ce si\u0119 okaza\u0107, \u017ce nie wszystkie funkcje naszych stron internetowych b\u0119d\u0105 dla Pa\u0144stwa dost\u0119pne, b\u0105d\u017a poszczeg\u00f3lne funkcje b\u0119d\u0105 dost\u0119pne jedynie w spos\u00f3b ograniczony.<\/p>\n\n\n\n<p>d. Cookies dzielimy na nast\u0119puj\u0105ce kategorie:<\/p>\n\n\n\n<ul class=\"wp-block-list\">\n<li><strong>Cookies absolutnie niezb\u0119dne (typ 1):<\/strong> S\u0105 niezb\u0119dne do funkcjonowania stron internetowych. Bez nich nie mogliby\u015bmy oferowa\u0107 np. konfiguratora pojazdu.<\/li>\n\n\n\n<li><strong>Cookies funkcjonalne (typ 2):<\/strong> U\u0142atwiaj\u0105 obs\u0142ug\u0119 i ulepszaj\u0105 funkcjonalno\u015b\u0107. Przyk\u0142ad: zapis ustawie\u0144 j\u0119zykowych.<\/li>\n\n\n\n<li><strong>Cookies ofertowe (typ 3):<\/strong> Zbieraj\u0105 informacje o korzystaniu ze stron i pomagaj\u0105 nam zoptymalizowa\u0107 ofert\u0119. Zobacz te\u017c sekcj\u0119 \u201eAnaliza danych dotycz\u0105cych korzystania\u201d.<\/li>\n\n\n\n<li><strong>Cookies podmiot\u00f3w trzecich (typ 4):<\/strong> Umieszczane np. przez Facebook, Twitter, Google+ za po\u015brednictwem wtyczek spo\u0142eczno\u015bciowych. Szczeg\u00f3\u0142y w punkcie 4 polityki prywatno\u015bci.<\/li>\n<\/ul>\n\n\n\n<h3 class=\"wp-block-heading\">2. Analiza danych dotycz\u0105cych korzystania; Stosowanie narz\u0119dzi analitycznych<\/h3>\n\n\n\n<p>a. Chcemy dostosowa\u0107 tre\u015bci naszych stron mo\u017cliwie precyzyjnie do Pa\u0144stwa zainteresowa\u0144, optymalizuj\u0105c nasz\u0105 ofert\u0119. Dlatego stosujemy nast\u0119puj\u0105ce narz\u0119dzia analityczne: Google Analytics, Adobe Analytics.<\/p>\n\n\n\n<p>b. Podczas stosowania tych narz\u0119dzi mo\u017ce nast\u0105pi\u0107 transfer danych do serwer\u00f3w w USA, gdzie s\u0105 przetwarzane. Uwaga: Z punktu widzenia UE, USA nie zapewniaj\u0105 \u201enale\u017cytego poziomu ochrony\u201d danych osobowych. Mo\u017ce on jednak zosta\u0107 zapewniony poprzez certyfikacj\u0119 w ramach tzw. \u201eEU-U.S. Privacy Shield\u201d.<\/p>\n\n\n\n<p>c. Je\u017celi nie \u017cycz\u0105 sobie Pa\u0144stwo, aby\u015bmy analizowali dane dotycz\u0105ce wizyty na naszych stronach, mog\u0105 Pa\u0144stwo w ka\u017cdej chwili zg\u0142osi\u0107 sprzeciw (\u201eopt-out\u201d).<\/p>\n\n\n\n<p>Sprzeciw ten realizujemy przez umieszczenie pliku cookie opt-out w Pa\u0144stwa przegl\u0105darce. Dzia\u0142a on wy\u0142\u0105cznie w tej przegl\u0105darce i na tym urz\u0105dzeniu. W razie usuni\u0119cia cookies lub zmiany przegl\u0105darki\/urz\u0105dzenia \u2013 procedur\u0119 nale\u017cy powt\u00f3rzy\u0107.<\/p>\n\n\n\n<p>d. Informacje dotycz\u0105ce narz\u0119dzi analitycznych i opcji opt-out:<\/p>\n\n\n\n<ul class=\"wp-block-list\">\n<li><strong>Google Inc. (\u201eGoogle\u201d):<\/strong><br>Google posiada certyfikat EU-U.S. Privacy Shield.<br>Mo\u017cna zablokowa\u0107 transfer, gromadzenie i przetwarzanie danych:\n<ul class=\"wp-block-list\">\n<li><a href=\"https:\/\/tools.google.com\/dlpage\/gaoptout?hl=pl\" target=\"_blank\" rel=\"noopener\">https:\/\/tools.google.com\/dlpage\/gaoptout?hl=pl<\/a><\/li>\n<\/ul>\n<\/li>\n\n\n\n<li><strong>Adobe Systems Inc. (\u201eAdobe\u201d):<\/strong><br>Adobe posiada certyfikat EU-U.S. Privacy Shield.<br>Aby zablokowa\u0107 analiz\u0119 przez Adobe Analytics:\n<ul class=\"wp-block-list\">\n<li><a href=\"http:\/\/www.adobe.com\/pl\/privacy\/opt-out.html\" target=\"_blank\" rel=\"noopener\">http:\/\/www.adobe.com\/pl\/privacy\/opt-out.html<\/a><\/li>\n<\/ul>\n<\/li>\n<\/ul>\n","protected":false},"excerpt":{"rendered":"<p>Wskaz\u00f3wki dotycz\u0105ce stosowania plik\u00f3w cookie oraz analizy danych dotycz\u0105cych korzystania, a tak\u017ce stosowania narz\u0119dzi analitycznych Stosujemy pliki cookie i inne podobne technologie, na przyk\u0142ad HTML5 Storage lub Local Shared Objects (nazywane dalej og\u00f3lnym mianem \u201ecookies\u201d), kt\u00f3re pozwalaj\u0105 na \u015bledzenie preferencji u\u017cytkownik\u00f3w oraz szczeg\u00f3lnie popularnych obszar\u00f3w naszych stron internetowych i umo\u017cliwiaj\u0105 na podstawie uzyskanych informacji optymalne [&hellip;]<\/p>\n","protected":false},"author":2,"featured_media":0,"parent":0,"menu_order":13,"comment_status":"closed","ping_status":"closed","template":"","meta":{"footnotes":""},"class_list":["post-1215","page","type-page","status-publish","hentry"],"blocksy_meta":[],"yoast_head":"<!-- This site is optimized with the Yoast SEO plugin v26.7 - https:\/\/yoast.com\/wordpress\/plugins\/seo\/ -->\n<title>Polityka prywatno\u015bci - Pol-in.eu<\/title>\n<meta name=\"robots\" content=\"index, follow, max-snippet:-1, max-image-preview:large, max-video-preview:-1\" \/>\n<link rel=\"canonical\" href=\"https:\/\/pol-in.eu\/cookies\/\" \/>\n<meta property=\"og:locale\" content=\"pl_PL\" \/>\n<meta property=\"og:type\" content=\"article\" \/>\n<meta property=\"og:title\" content=\"Polityka prywatno\u015bci - Pol-in.eu\" \/>\n<meta property=\"og:description\" content=\"Wskaz\u00f3wki dotycz\u0105ce stosowania plik\u00f3w cookie oraz analizy danych dotycz\u0105cych korzystania, a tak\u017ce stosowania narz\u0119dzi analitycznych Stosujemy pliki cookie i inne podobne technologie, na przyk\u0142ad HTML5 Storage lub Local Shared Objects (nazywane dalej og\u00f3lnym mianem \u201ecookies\u201d), kt\u00f3re pozwalaj\u0105 na \u015bledzenie preferencji u\u017cytkownik\u00f3w oraz szczeg\u00f3lnie popularnych obszar\u00f3w naszych stron internetowych i umo\u017cliwiaj\u0105 na podstawie uzyskanych informacji optymalne [&hellip;]\" \/>\n<meta property=\"og:url\" content=\"https:\/\/pol-in.eu\/cookies\/\" \/>\n<meta property=\"og:site_name\" content=\"Pol-in.eu\" \/>\n<meta property=\"article:modified_time\" content=\"2025-07-08T18:15:48+00:00\" \/>\n<meta name=\"twitter:card\" content=\"summary_large_image\" \/>\n<script type=\"application\/ld+json\" class=\"yoast-schema-graph\">{\"@context\":\"https:\/\/schema.org\",\"@graph\":[{\"@type\":\"WebPage\",\"@id\":\"https:\/\/pol-in.eu\/cookies\/\",\"url\":\"https:\/\/pol-in.eu\/cookies\/\",\"name\":\"Polityka prywatno\u015bci - Pol-in.eu\",\"isPartOf\":{\"@id\":\"https:\/\/pol-in.eu\/#website\"},\"datePublished\":\"2018-05-25T02:52:45+00:00\",\"dateModified\":\"2025-07-08T18:15:48+00:00\",\"breadcrumb\":{\"@id\":\"https:\/\/pol-in.eu\/cookies\/#breadcrumb\"},\"inLanguage\":\"pl-PL\",\"potentialAction\":[{\"@type\":\"ReadAction\",\"target\":[\"https:\/\/pol-in.eu\/cookies\/\"]}]},{\"@type\":\"BreadcrumbList\",\"@id\":\"https:\/\/pol-in.eu\/cookies\/#breadcrumb\",\"itemListElement\":[{\"@type\":\"ListItem\",\"position\":1,\"name\":\"Strona g\u0142\u00f3wna\",\"item\":\"https:\/\/pol-in.eu\/pl\/\"},{\"@type\":\"ListItem\",\"position\":2,\"name\":\"Polityka prywatno\u015bci\"}]},{\"@type\":\"WebSite\",\"@id\":\"https:\/\/pol-in.eu\/#website\",\"url\":\"https:\/\/pol-in.eu\/\",\"name\":\"Pol-in.eu\",\"description\":\"Polki w Gospodarce i Kulturze\",\"publisher\":{\"@id\":\"https:\/\/pol-in.eu\/#organization\"},\"potentialAction\":[{\"@type\":\"SearchAction\",\"target\":{\"@type\":\"EntryPoint\",\"urlTemplate\":\"https:\/\/pol-in.eu\/?s={search_term_string}\"},\"query-input\":{\"@type\":\"PropertyValueSpecification\",\"valueRequired\":true,\"valueName\":\"search_term_string\"}}],\"inLanguage\":\"pl-PL\"},{\"@type\":\"Organization\",\"@id\":\"https:\/\/pol-in.eu\/#organization\",\"name\":\"Pol-in.eu\",\"url\":\"https:\/\/pol-in.eu\/\",\"logo\":{\"@type\":\"ImageObject\",\"inLanguage\":\"pl-PL\",\"@id\":\"https:\/\/pol-in.eu\/#\/schema\/logo\/image\/\",\"url\":\"https:\/\/pol-in.eu\/wp-content\/uploads\/2017\/06\/logopolin.jpg\",\"contentUrl\":\"https:\/\/pol-in.eu\/wp-content\/uploads\/2017\/06\/logopolin.jpg\",\"width\":454,\"height\":119,\"caption\":\"Pol-in.eu \"},\"image\":{\"@id\":\"https:\/\/pol-in.eu\/#\/schema\/logo\/image\/\"}}]}<\/script>\n<!-- \/ Yoast SEO plugin. -->","yoast_head_json":{"title":"Polityka prywatno\u015bci - Pol-in.eu","robots":{"index":"index","follow":"follow","max-snippet":"max-snippet:-1","max-image-preview":"max-image-preview:large","max-video-preview":"max-video-preview:-1"},"canonical":"https:\/\/pol-in.eu\/cookies\/","og_locale":"pl_PL","og_type":"article","og_title":"Polityka prywatno\u015bci - Pol-in.eu","og_description":"Wskaz\u00f3wki dotycz\u0105ce stosowania plik\u00f3w cookie oraz analizy danych dotycz\u0105cych korzystania, a tak\u017ce stosowania narz\u0119dzi analitycznych Stosujemy pliki cookie i inne podobne technologie, na przyk\u0142ad HTML5 Storage lub Local Shared Objects (nazywane dalej og\u00f3lnym mianem \u201ecookies\u201d), kt\u00f3re pozwalaj\u0105 na \u015bledzenie preferencji u\u017cytkownik\u00f3w oraz szczeg\u00f3lnie popularnych obszar\u00f3w naszych stron internetowych i umo\u017cliwiaj\u0105 na podstawie uzyskanych informacji optymalne [&hellip;]","og_url":"https:\/\/pol-in.eu\/cookies\/","og_site_name":"Pol-in.eu","article_modified_time":"2025-07-08T18:15:48+00:00","twitter_card":"summary_large_image","schema":{"@context":"https:\/\/schema.org","@graph":[{"@type":"WebPage","@id":"https:\/\/pol-in.eu\/cookies\/","url":"https:\/\/pol-in.eu\/cookies\/","name":"Polityka prywatno\u015bci - Pol-in.eu","isPartOf":{"@id":"https:\/\/pol-in.eu\/#website"},"datePublished":"2018-05-25T02:52:45+00:00","dateModified":"2025-07-08T18:15:48+00:00","breadcrumb":{"@id":"https:\/\/pol-in.eu\/cookies\/#breadcrumb"},"inLanguage":"pl-PL","potentialAction":[{"@type":"ReadAction","target":["https:\/\/pol-in.eu\/cookies\/"]}]},{"@type":"BreadcrumbList","@id":"https:\/\/pol-in.eu\/cookies\/#breadcrumb","itemListElement":[{"@type":"ListItem","position":1,"name":"Strona g\u0142\u00f3wna","item":"https:\/\/pol-in.eu\/pl\/"},{"@type":"ListItem","position":2,"name":"Polityka prywatno\u015bci"}]},{"@type":"WebSite","@id":"https:\/\/pol-in.eu\/#website","url":"https:\/\/pol-in.eu\/","name":"Pol-in.eu","description":"Polki w Gospodarce i Kulturze","publisher":{"@id":"https:\/\/pol-in.eu\/#organization"},"potentialAction":[{"@type":"SearchAction","target":{"@type":"EntryPoint","urlTemplate":"https:\/\/pol-in.eu\/?s={search_term_string}"},"query-input":{"@type":"PropertyValueSpecification","valueRequired":true,"valueName":"search_term_string"}}],"inLanguage":"pl-PL"},{"@type":"Organization","@id":"https:\/\/pol-in.eu\/#organization","name":"Pol-in.eu","url":"https:\/\/pol-in.eu\/","logo":{"@type":"ImageObject","inLanguage":"pl-PL","@id":"https:\/\/pol-in.eu\/#\/schema\/logo\/image\/","url":"https:\/\/pol-in.eu\/wp-content\/uploads\/2017\/06\/logopolin.jpg","contentUrl":"https:\/\/pol-in.eu\/wp-content\/uploads\/2017\/06\/logopolin.jpg","width":454,"height":119,"caption":"Pol-in.eu "},"image":{"@id":"https:\/\/pol-in.eu\/#\/schema\/logo\/image\/"}}]}},"_links":{"self":[{"href":"https:\/\/pol-in.eu\/pl\/wp-json\/wp\/v2\/pages\/1215","targetHints":{"allow":["GET"]}}],"collection":[{"href":"https:\/\/pol-in.eu\/pl\/wp-json\/wp\/v2\/pages"}],"about":[{"href":"https:\/\/pol-in.eu\/pl\/wp-json\/wp\/v2\/types\/page"}],"author":[{"embeddable":true,"href":"https:\/\/pol-in.eu\/pl\/wp-json\/wp\/v2\/users\/2"}],"replies":[{"embeddable":true,"href":"https:\/\/pol-in.eu\/pl\/wp-json\/wp\/v2\/comments?post=1215"}],"version-history":[{"count":2,"href":"https:\/\/pol-in.eu\/pl\/wp-json\/wp\/v2\/pages\/1215\/revisions"}],"predecessor-version":[{"id":5144,"href":"https:\/\/pol-in.eu\/pl\/wp-json\/wp\/v2\/pages\/1215\/revisions\/5144"}],"wp:attachment":[{"href":"https:\/\/pol-in.eu\/pl\/wp-json\/wp\/v2\/media?parent=1215"}],"curies":[{"name":"wp","href":"https:\/\/api.w.org\/{rel}","templated":true}]}}