{"id":89,"date":"2017-06-16T16:44:39","date_gmt":"2017-06-16T14:44:39","guid":{"rendered":"https:\/\/pol-in.eu\/?page_id=89"},"modified":"2025-07-01T16:48:56","modified_gmt":"2025-07-01T14:48:56","slug":"kontakt","status":"publish","type":"page","link":"https:\/\/pol-in.eu\/pl\/kontakt\/","title":{"rendered":"Kontakt"},"content":{"rendered":"\n<p><strong>POLin<\/strong><strong>Polnische Frauen in Wirtschaft und Kultur e.V.<\/strong><\/p>\n\n\n\n<p>Siedziba:<br>Veltheimstr. 33<br>13467 Berlin<\/p>\n\n\n\n<p><b>Przewodnicz\u0105ca stowarzyszenia<\/b><\/p>\n\n\n\n<p>JULITA GOLD<br>Email: <a href=\"mailto:kontakt@polintest.hellothere.pl\">kontakt[at]pol-in.eu<\/a><br>Telefon: 30 &#8211; 89046060<\/p>\n\n\n\n<p>Email: <a href=\"mailto:info@polintest.hellothere.pl\">info[at]pol-in.eu<\/a><\/p>\n\n\n\n<h2 class=\"wp-block-heading\">Informacje prawne<\/h2>\n\n\n\n<p>POLin<br>Polnische Frauen in Wirtschaft und Kultur e.V.<\/p>\n\n\n\n<p>Przewodnicz\u0105ca<br>JULITA GOLD<br>Email: <a href=\"mailto:kontakt@polintest.hellothere.pl\">kontakt[at]pol-in.eu<\/a><\/p>\n\n\n\n<p>Wiceprzewodnicz\u0105ca<br>ANNA HERLING<br>Email: <a href=\"mailto:koeln@polintest.hellothere.pl\">koeln[at]pol-in.eu<\/a><\/p>\n\n\n\n<p>Wiceprzewodnicz\u0105ca<br>ANNA PIEKAREK<br>Email: <a href=\"mailto:hamburg@polintest.hellothere.pl\">hamburg[at]pol-in.eu<\/a><\/p>\n\n\n\n<p>Wiceprzewodnicz\u0105ca<br>CELINA MUZA<br>Email: <a href=\"mailto:info@polintest.hellothere.pl\">info[at]pol-in.eu<\/a><\/p>\n\n\n\n<p>Skarbniczka<br>BO\u017bENA CIE\u015aLIK<\/p>\n\n\n\n<p>Numer rejestracyjny stowarzyszenia: 21146 NZ<br>Amtsgericht Berlin-Charlottenburg<\/p>\n\n\n\n<p>Odpowiedzialno\u015b\u0107 za tre\u015b\u0107 niniejszej strony internetowej:<br>Zarz\u0105d Stowarzyszenia<\/p>\n\n\n\n<p>Wszystkie teksty oraz zdj\u0119cia znajduj\u0105ce si\u0119 na niniejszej stronie internetowej obj\u0119te s\u0105 prawem autorskim.<br>\u00a9 Polnische Frauen in Wirtschaft und Kultur e.V.<\/p>\n\n\n\n<p>Nie ponosimy odpowiedzialno\u015bci za tre\u015b\u0107 stron internetowych, z kt\u00f3rymi niniejsza strona jest zlinkowana.<\/p>\n","protected":false},"excerpt":{"rendered":"<p>POLinPolnische Frauen in Wirtschaft und Kultur e.V. Siedziba:Veltheimstr. 3313467 Berlin Przewodnicz\u0105ca stowarzyszenia JULITA GOLDEmail: kontakt[at]pol-in.euTelefon: 30 &#8211; 89046060 Email: info[at]pol-in.eu Informacje prawne POLinPolnische Frauen in Wirtschaft und Kultur e.V. Przewodnicz\u0105caJULITA GOLDEmail: kontakt[at]pol-in.eu Wiceprzewodnicz\u0105caANNA HERLINGEmail: koeln[at]pol-in.eu Wiceprzewodnicz\u0105caANNA PIEKAREKEmail: hamburg[at]pol-in.eu Wiceprzewodnicz\u0105caCELINA MUZAEmail: info[at]pol-in.eu SkarbniczkaBO\u017bENA CIE\u015aLIK Numer rejestracyjny stowarzyszenia: 21146 NZAmtsgericht Berlin-Charlottenburg Odpowiedzialno\u015b\u0107 za tre\u015b\u0107 niniejszej strony internetowej:Zarz\u0105d [&hellip;]<\/p>\n","protected":false},"author":1,"featured_media":0,"parent":0,"menu_order":9,"comment_status":"closed","ping_status":"closed","template":"","meta":{"footnotes":""},"class_list":["post-89","page","type-page","status-publish","hentry"],"blocksy_meta":[],"yoast_head":"<!-- This site is optimized with the Yoast SEO plugin v26.7 - https:\/\/yoast.com\/wordpress\/plugins\/seo\/ -->\n<title>Kontakt - Pol-in.eu<\/title>\n<meta name=\"robots\" content=\"index, follow, max-snippet:-1, max-image-preview:large, max-video-preview:-1\" \/>\n<link rel=\"canonical\" href=\"https:\/\/pol-in.eu\/kontakt\/\" \/>\n<meta property=\"og:locale\" content=\"pl_PL\" \/>\n<meta property=\"og:type\" content=\"article\" \/>\n<meta property=\"og:title\" content=\"Kontakt - Pol-in.eu\" \/>\n<meta property=\"og:description\" content=\"POLinPolnische Frauen in Wirtschaft und Kultur e.V. Siedziba:Veltheimstr. 3313467 Berlin Przewodnicz\u0105ca stowarzyszenia JULITA GOLDEmail: kontakt[at]pol-in.euTelefon: 30 &#8211; 89046060 Email: info[at]pol-in.eu Informacje prawne POLinPolnische Frauen in Wirtschaft und Kultur e.V. Przewodnicz\u0105caJULITA GOLDEmail: kontakt[at]pol-in.eu Wiceprzewodnicz\u0105caANNA HERLINGEmail: koeln[at]pol-in.eu Wiceprzewodnicz\u0105caANNA PIEKAREKEmail: hamburg[at]pol-in.eu Wiceprzewodnicz\u0105caCELINA MUZAEmail: info[at]pol-in.eu SkarbniczkaBO\u017bENA CIE\u015aLIK Numer rejestracyjny stowarzyszenia: 21146 NZAmtsgericht Berlin-Charlottenburg Odpowiedzialno\u015b\u0107 za tre\u015b\u0107 niniejszej strony internetowej:Zarz\u0105d [&hellip;]\" \/>\n<meta property=\"og:url\" content=\"https:\/\/pol-in.eu\/kontakt\/\" \/>\n<meta property=\"og:site_name\" content=\"Pol-in.eu\" \/>\n<meta property=\"article:modified_time\" content=\"2025-07-01T14:48:56+00:00\" \/>\n<meta name=\"twitter:card\" content=\"summary_large_image\" \/>\n<script type=\"application\/ld+json\" class=\"yoast-schema-graph\">{\"@context\":\"https:\/\/schema.org\",\"@graph\":[{\"@type\":\"WebPage\",\"@id\":\"https:\/\/pol-in.eu\/kontakt\/\",\"url\":\"https:\/\/pol-in.eu\/kontakt\/\",\"name\":\"Kontakt - Pol-in.eu\",\"isPartOf\":{\"@id\":\"https:\/\/pol-in.eu\/#website\"},\"datePublished\":\"2017-06-16T14:44:39+00:00\",\"dateModified\":\"2025-07-01T14:48:56+00:00\",\"breadcrumb\":{\"@id\":\"https:\/\/pol-in.eu\/kontakt\/#breadcrumb\"},\"inLanguage\":\"pl-PL\",\"potentialAction\":[{\"@type\":\"ReadAction\",\"target\":[\"https:\/\/pol-in.eu\/kontakt\/\"]}]},{\"@type\":\"BreadcrumbList\",\"@id\":\"https:\/\/pol-in.eu\/kontakt\/#breadcrumb\",\"itemListElement\":[{\"@type\":\"ListItem\",\"position\":1,\"name\":\"Strona g\u0142\u00f3wna\",\"item\":\"https:\/\/pol-in.eu\/pl\/\"},{\"@type\":\"ListItem\",\"position\":2,\"name\":\"Kontakt\"}]},{\"@type\":\"WebSite\",\"@id\":\"https:\/\/pol-in.eu\/#website\",\"url\":\"https:\/\/pol-in.eu\/\",\"name\":\"Pol-in.eu\",\"description\":\"Polki w Gospodarce i Kulturze\",\"publisher\":{\"@id\":\"https:\/\/pol-in.eu\/#organization\"},\"potentialAction\":[{\"@type\":\"SearchAction\",\"target\":{\"@type\":\"EntryPoint\",\"urlTemplate\":\"https:\/\/pol-in.eu\/?s={search_term_string}\"},\"query-input\":{\"@type\":\"PropertyValueSpecification\",\"valueRequired\":true,\"valueName\":\"search_term_string\"}}],\"inLanguage\":\"pl-PL\"},{\"@type\":\"Organization\",\"@id\":\"https:\/\/pol-in.eu\/#organization\",\"name\":\"Pol-in.eu\",\"url\":\"https:\/\/pol-in.eu\/\",\"logo\":{\"@type\":\"ImageObject\",\"inLanguage\":\"pl-PL\",\"@id\":\"https:\/\/pol-in.eu\/#\/schema\/logo\/image\/\",\"url\":\"https:\/\/pol-in.eu\/wp-content\/uploads\/2017\/06\/logopolin.jpg\",\"contentUrl\":\"https:\/\/pol-in.eu\/wp-content\/uploads\/2017\/06\/logopolin.jpg\",\"width\":454,\"height\":119,\"caption\":\"Pol-in.eu \"},\"image\":{\"@id\":\"https:\/\/pol-in.eu\/#\/schema\/logo\/image\/\"}}]}<\/script>\n<!-- \/ Yoast SEO plugin. -->","yoast_head_json":{"title":"Kontakt - Pol-in.eu","robots":{"index":"index","follow":"follow","max-snippet":"max-snippet:-1","max-image-preview":"max-image-preview:large","max-video-preview":"max-video-preview:-1"},"canonical":"https:\/\/pol-in.eu\/kontakt\/","og_locale":"pl_PL","og_type":"article","og_title":"Kontakt - Pol-in.eu","og_description":"POLinPolnische Frauen in Wirtschaft und Kultur e.V. Siedziba:Veltheimstr. 3313467 Berlin Przewodnicz\u0105ca stowarzyszenia JULITA GOLDEmail: kontakt[at]pol-in.euTelefon: 30 &#8211; 89046060 Email: info[at]pol-in.eu Informacje prawne POLinPolnische Frauen in Wirtschaft und Kultur e.V. Przewodnicz\u0105caJULITA GOLDEmail: kontakt[at]pol-in.eu Wiceprzewodnicz\u0105caANNA HERLINGEmail: koeln[at]pol-in.eu Wiceprzewodnicz\u0105caANNA PIEKAREKEmail: hamburg[at]pol-in.eu Wiceprzewodnicz\u0105caCELINA MUZAEmail: info[at]pol-in.eu SkarbniczkaBO\u017bENA CIE\u015aLIK Numer rejestracyjny stowarzyszenia: 21146 NZAmtsgericht Berlin-Charlottenburg Odpowiedzialno\u015b\u0107 za tre\u015b\u0107 niniejszej strony internetowej:Zarz\u0105d [&hellip;]","og_url":"https:\/\/pol-in.eu\/kontakt\/","og_site_name":"Pol-in.eu","article_modified_time":"2025-07-01T14:48:56+00:00","twitter_card":"summary_large_image","schema":{"@context":"https:\/\/schema.org","@graph":[{"@type":"WebPage","@id":"https:\/\/pol-in.eu\/kontakt\/","url":"https:\/\/pol-in.eu\/kontakt\/","name":"Kontakt - Pol-in.eu","isPartOf":{"@id":"https:\/\/pol-in.eu\/#website"},"datePublished":"2017-06-16T14:44:39+00:00","dateModified":"2025-07-01T14:48:56+00:00","breadcrumb":{"@id":"https:\/\/pol-in.eu\/kontakt\/#breadcrumb"},"inLanguage":"pl-PL","potentialAction":[{"@type":"ReadAction","target":["https:\/\/pol-in.eu\/kontakt\/"]}]},{"@type":"BreadcrumbList","@id":"https:\/\/pol-in.eu\/kontakt\/#breadcrumb","itemListElement":[{"@type":"ListItem","position":1,"name":"Strona g\u0142\u00f3wna","item":"https:\/\/pol-in.eu\/pl\/"},{"@type":"ListItem","position":2,"name":"Kontakt"}]},{"@type":"WebSite","@id":"https:\/\/pol-in.eu\/#website","url":"https:\/\/pol-in.eu\/","name":"Pol-in.eu","description":"Polki w Gospodarce i Kulturze","publisher":{"@id":"https:\/\/pol-in.eu\/#organization"},"potentialAction":[{"@type":"SearchAction","target":{"@type":"EntryPoint","urlTemplate":"https:\/\/pol-in.eu\/?s={search_term_string}"},"query-input":{"@type":"PropertyValueSpecification","valueRequired":true,"valueName":"search_term_string"}}],"inLanguage":"pl-PL"},{"@type":"Organization","@id":"https:\/\/pol-in.eu\/#organization","name":"Pol-in.eu","url":"https:\/\/pol-in.eu\/","logo":{"@type":"ImageObject","inLanguage":"pl-PL","@id":"https:\/\/pol-in.eu\/#\/schema\/logo\/image\/","url":"https:\/\/pol-in.eu\/wp-content\/uploads\/2017\/06\/logopolin.jpg","contentUrl":"https:\/\/pol-in.eu\/wp-content\/uploads\/2017\/06\/logopolin.jpg","width":454,"height":119,"caption":"Pol-in.eu "},"image":{"@id":"https:\/\/pol-in.eu\/#\/schema\/logo\/image\/"}}]}},"_links":{"self":[{"href":"https:\/\/pol-in.eu\/pl\/wp-json\/wp\/v2\/pages\/89","targetHints":{"allow":["GET"]}}],"collection":[{"href":"https:\/\/pol-in.eu\/pl\/wp-json\/wp\/v2\/pages"}],"about":[{"href":"https:\/\/pol-in.eu\/pl\/wp-json\/wp\/v2\/types\/page"}],"author":[{"embeddable":true,"href":"https:\/\/pol-in.eu\/pl\/wp-json\/wp\/v2\/users\/1"}],"replies":[{"embeddable":true,"href":"https:\/\/pol-in.eu\/pl\/wp-json\/wp\/v2\/comments?post=89"}],"version-history":[{"count":1,"href":"https:\/\/pol-in.eu\/pl\/wp-json\/wp\/v2\/pages\/89\/revisions"}],"predecessor-version":[{"id":3053,"href":"https:\/\/pol-in.eu\/pl\/wp-json\/wp\/v2\/pages\/89\/revisions\/3053"}],"wp:attachment":[{"href":"https:\/\/pol-in.eu\/pl\/wp-json\/wp\/v2\/media?parent=89"}],"curies":[{"name":"wp","href":"https:\/\/api.w.org\/{rel}","templated":true}]}}